{"id":15,"date":"2025-12-31T16:22:49","date_gmt":"2025-12-31T15:22:49","guid":{"rendered":"https:\/\/axiok.pl\/?page_id=15"},"modified":"2025-12-31T21:15:04","modified_gmt":"2025-12-31T20:15:04","slug":"oferta","status":"publish","type":"page","link":"https:\/\/axiok.pl\/index.php\/oferta\/","title":{"rendered":"Oferta"},"content":{"rendered":"\n<div class=\"wp-block-cover has-ast-global-color-4-color has-text-color has-link-color wp-elements-2a75de44417372b893ba3f0ec7421a6f\" style=\"min-height:751px;aspect-ratio:unset;\"><img loading=\"lazy\" decoding=\"async\" width=\"1536\" height=\"1024\" class=\"wp-block-cover__image-background wp-image-35 size-full\" alt=\"\" src=\"https:\/\/axiok.pl\/wp-content\/uploads\/2025\/12\/ChatGPT-Image-31-gru-2025-16_57_04-2.png\" style=\"object-position:50% 50%\" data-object-fit=\"cover\" data-object-position=\"50% 50%\" srcset=\"https:\/\/axiok.pl\/wp-content\/uploads\/2025\/12\/ChatGPT-Image-31-gru-2025-16_57_04-2.png 1536w, https:\/\/axiok.pl\/wp-content\/uploads\/2025\/12\/ChatGPT-Image-31-gru-2025-16_57_04-2-300x200.png 300w, https:\/\/axiok.pl\/wp-content\/uploads\/2025\/12\/ChatGPT-Image-31-gru-2025-16_57_04-2-1024x683.png 1024w, https:\/\/axiok.pl\/wp-content\/uploads\/2025\/12\/ChatGPT-Image-31-gru-2025-16_57_04-2-768x512.png 768w\" sizes=\"auto, (max-width: 1536px) 100vw, 1536px\" \/><span aria-hidden=\"true\" class=\"wp-block-cover__background has-black-background-color has-background-dim-70 has-background-dim\"><\/span><div class=\"wp-block-cover__inner-container is-layout-flow wp-block-cover-is-layout-flow\">\n<h2 class=\"wp-block-heading has-text-align-left has-ast-global-color-4-color has-text-color has-link-color wp-elements-ee14029104bc73e7e6d57fb28077f49c\">Telekomunikacja<\/h2>\n\n\n\n<p class=\"has-white-color has-text-color has-link-color wp-elements-0e0aec9979af82fafabea5921b98b4f9\">Telekomunikacja i rozw\u00f3j sieci sprzeda\u017cy<\/p>\n\n\n\n<p class=\"has-ast-global-color-4-color has-text-color has-link-color wp-elements-4839dd4f6b3312fa4b780dcaa0019615\">AXI realizuje projekty w sektorze telekomunikacyjnym, buduj\u0105c i rozwijaj\u0105c sieci sprzeda\u017cy w modelu tradycyjnym. Tworzymy i zarz\u0105dzamy salonami sprzeda\u017cy, zespo\u0142ami sprzeda\u017cy B2B oraz strukturami sprzeda\u017cy bezpo\u015bredniej.<\/p>\n\n\n\n<h2 class=\"wp-block-heading has-ast-global-color-4-color has-text-color has-link-color wp-elements-eb67b57f14798bba1979979f68e9aeb4\">Call Center<\/h2>\n\n\n\n<p class=\"has-white-color has-text-color has-link-color wp-elements-57f49e6df7b7e4486176da2647fbb1b3\">Projekty call center i obs\u0142uga klienta<\/p>\n\n\n\n<p class=\"has-white-color has-text-color has-link-color wp-elements-2eae5a0f52f02fac6fc6532631690711\">Realizujemy projekty call center obejmuj\u0105ce sprzeda\u017c, obs\u0142ug\u0119 klienta oraz wsparcie posprzeda\u017cowe. Tworzymy i zarz\u0105dzamy zespo\u0142ami konsultant\u00f3w, dostosowuj\u0105c model operacyjny do cel\u00f3w biznesowych partner\u00f3w.<\/p>\n\n\n\n<h2 class=\"wp-block-heading has-white-color has-text-color has-link-color wp-elements-ab9a6885fa6cac101fb66982a6a6a1b9\">Modele partnerskie<\/h2>\n\n\n\n<p class=\"has-white-color has-text-color has-link-color wp-elements-da8772b08ae99a2e5bc6c77b3a46d155\">Modele partnerskie, agencyjne i franczyzowe<\/p>\n\n\n\n<p class=\"has-white-color has-text-color has-link-color wp-elements-ac5ec303ee93a268a743b1d7802c8913\">Projektujemy i wdra\u017camy modele wsp\u00f3\u0142pracy oparte na strukturach partnerskich, agencyjnych oraz franczyzowych. Wspieramy procesy rekrutacji, wdro\u017ce\u0144 i bie\u017c\u0105cego zarz\u0105dzania sieci\u0105 partner\u00f3w.<\/p>\n\n\n\n<h2 class=\"wp-block-heading has-ast-global-color-4-color has-text-color has-link-color wp-elements-b8ddc76b27d7295ba2651e76e1955122\">Logistyka<\/h2>\n\n\n\n<p class=\"has-ast-global-color-4-color has-text-color has-link-color wp-elements-e0c9ee5847a05fa8a7b80d2d19ef8f7d\">Logistyka, spedycja i magazynowanie<\/p>\n\n\n\n<p class=\"has-text-align-left has-white-color has-text-color has-link-color wp-elements-312664e1f187354ead39333bbdbcbe5c\">W obszarze logistyki \u015bwiadczymy us\u0142ugi transportowe, magazynowe oraz spedycyjne. Realizujemy transport drogowy, obs\u0142ug\u0119 magazynow\u0105 i koordynacj\u0119 proces\u00f3w logistycznych.<\/p>\n<\/div><\/div>\n","protected":false},"excerpt":{"rendered":"","protected":false},"author":1,"featured_media":0,"parent":0,"menu_order":0,"comment_status":"closed","ping_status":"closed","template":"","meta":{"site-sidebar-layout":"default","site-content-layout":"","ast-site-content-layout":"default","site-content-style":"default","site-sidebar-style":"default","ast-global-header-display":"","ast-banner-title-visibility":"","ast-main-header-display":"","ast-hfb-above-header-display":"","ast-hfb-below-header-display":"","ast-hfb-mobile-header-display":"","site-post-title":"disabled","ast-breadcrumbs-content":"","ast-featured-img":"","footer-sml-layout":"","ast-disable-related-posts":"","theme-transparent-header-meta":"","adv-header-id-meta":"","stick-header-meta":"","header-above-stick-meta":"","header-main-stick-meta":"","header-below-stick-meta":"","astra-migrate-meta-layouts":"default","ast-page-background-enabled":"default","ast-page-background-meta":{"desktop":{"background-color":"var(--ast-global-color-5)","background-image":"","background-repeat":"repeat","background-position":"center center","background-size":"auto","background-attachment":"scroll","background-type":"","background-media":"","overlay-type":"","overlay-color":"","overlay-opacity":"","overlay-gradient":""},"tablet":{"background-color":"","background-image":"","background-repeat":"repeat","background-position":"center center","background-size":"auto","background-attachment":"scroll","background-type":"","background-media":"","overlay-type":"","overlay-color":"","overlay-opacity":"","overlay-gradient":""},"mobile":{"background-color":"","background-image":"","background-repeat":"repeat","background-position":"center center","background-size":"auto","background-attachment":"scroll","background-type":"","background-media":"","overlay-type":"","overlay-color":"","overlay-opacity":"","overlay-gradient":""}},"ast-content-background-meta":{"desktop":{"background-color":"var(--ast-global-color-4)","background-image":"","background-repeat":"repeat","background-position":"center center","background-size":"auto","background-attachment":"scroll","background-type":"","background-media":"","overlay-type":"","overlay-color":"","overlay-opacity":"","overlay-gradient":""},"tablet":{"background-color":"var(--ast-global-color-4)","background-image":"","background-repeat":"repeat","background-position":"center center","background-size":"auto","background-attachment":"scroll","background-type":"","background-media":"","overlay-type":"","overlay-color":"","overlay-opacity":"","overlay-gradient":""},"mobile":{"background-color":"var(--ast-global-color-4)","background-image":"","background-repeat":"repeat","background-position":"center center","background-size":"auto","background-attachment":"scroll","background-type":"","background-media":"","overlay-type":"","overlay-color":"","overlay-opacity":"","overlay-gradient":""}},"footnotes":""},"class_list":["post-15","page","type-page","status-publish","hentry"],"_links":{"self":[{"href":"https:\/\/axiok.pl\/index.php\/wp-json\/wp\/v2\/pages\/15","targetHints":{"allow":["GET"]}}],"collection":[{"href":"https:\/\/axiok.pl\/index.php\/wp-json\/wp\/v2\/pages"}],"about":[{"href":"https:\/\/axiok.pl\/index.php\/wp-json\/wp\/v2\/types\/page"}],"author":[{"embeddable":true,"href":"https:\/\/axiok.pl\/index.php\/wp-json\/wp\/v2\/users\/1"}],"replies":[{"embeddable":true,"href":"https:\/\/axiok.pl\/index.php\/wp-json\/wp\/v2\/comments?post=15"}],"version-history":[{"count":5,"href":"https:\/\/axiok.pl\/index.php\/wp-json\/wp\/v2\/pages\/15\/revisions"}],"predecessor-version":[{"id":48,"href":"https:\/\/axiok.pl\/index.php\/wp-json\/wp\/v2\/pages\/15\/revisions\/48"}],"wp:attachment":[{"href":"https:\/\/axiok.pl\/index.php\/wp-json\/wp\/v2\/media?parent=15"}],"curies":[{"name":"wp","href":"https:\/\/api.w.org\/{rel}","templated":true}]}}