{"id":2,"date":"2025-04-22T23:29:20","date_gmt":"2025-04-22T21:29:20","guid":{"rendered":"http:\/\/bezaiwp68.you2.pl\/?page_id=2"},"modified":"2025-12-31T17:39:38","modified_gmt":"2025-12-31T16:39:38","slug":"przykladowa-strona","status":"publish","type":"page","link":"https:\/\/axiok.pl\/","title":{"rendered":"O nas"},"content":{"rendered":"\n<div class=\"wp-block-group is-layout-constrained wp-block-group-is-layout-constrained\">\n<div class=\"wp-block-cover\" style=\"min-height:751px;aspect-ratio:unset;\"><img loading=\"lazy\" decoding=\"async\" width=\"1536\" height=\"1024\" class=\"wp-block-cover__image-background wp-image-35 size-full\" alt=\"\" src=\"https:\/\/axiok.pl\/wp-content\/uploads\/2025\/12\/ChatGPT-Image-31-gru-2025-16_57_04-2.png\" style=\"object-position:50% 50%\" data-object-fit=\"cover\" data-object-position=\"50% 50%\" srcset=\"https:\/\/axiok.pl\/wp-content\/uploads\/2025\/12\/ChatGPT-Image-31-gru-2025-16_57_04-2.png 1536w, https:\/\/axiok.pl\/wp-content\/uploads\/2025\/12\/ChatGPT-Image-31-gru-2025-16_57_04-2-300x200.png 300w, https:\/\/axiok.pl\/wp-content\/uploads\/2025\/12\/ChatGPT-Image-31-gru-2025-16_57_04-2-1024x683.png 1024w, https:\/\/axiok.pl\/wp-content\/uploads\/2025\/12\/ChatGPT-Image-31-gru-2025-16_57_04-2-768x512.png 768w\" sizes=\"auto, (max-width: 1536px) 100vw, 1536px\" \/><span aria-hidden=\"true\" class=\"wp-block-cover__background has-black-background-color has-background-dim-60 has-background-dim\"><\/span><div class=\"wp-block-cover__inner-container is-layout-flow wp-block-cover-is-layout-flow\">\n<h1 class=\"wp-block-heading has-text-align-center has-ast-global-color-4-color has-text-color has-link-color wp-elements-eb54e22e617616ffd336c5d3bc07cf26\">AXI \u2013 us\u0142ugi telekomunikacyjne i logistyczne<\/h1>\n\n\n\n<p class=\"has-text-align-center has-ast-global-color-4-color has-text-color has-link-color wp-elements-d676e65a108d5355bb5f77c41b254eaf\">Budujemy i rozwijamy sieci sprzeda\u017cy, realizujemy projekty call center oraz dostarczamy kompleksowe us\u0142ugi transportowe, spedycyjne i magazynowe.<\/p>\n\n\n\n<div class=\"wp-block-buttons is-content-justification-center is-layout-flex wp-container-core-buttons-is-layout-72caf8c6 wp-block-buttons-is-layout-flex\">\n<div class=\"wp-block-button\"><a class=\"wp-block-button__link has-text-align-center wp-element-button\" href=\"https:\/\/axiok.pl\/index.php\/kontakt\/\">Skontaktuj si\u0119 z nami<\/a><\/div>\n<\/div>\n\n\n\n<h2 class=\"wp-block-heading has-text-align-center has-ast-global-color-4-color has-text-color has-link-color wp-elements-368179f59a616f8c2eaf5b51f0c76f35\">Do\u015bwiadczenie i kompetencje<\/h2>\n\n\n\n<p class=\"has-text-align-center has-ast-global-color-4-color has-text-color has-link-color wp-elements-1b30fce4eaf2e77a8e414f3bffd98a00\">Posiadamy ponad <strong>25-letnie do\u015bwiadczenie w sektorze telekomunikacyjnym<\/strong> oraz <strong>5-letnie do\u015bwiadczenie w obszarze logistyki<\/strong>. Jeste\u015bmy praktykami \u2013 zrealizowali\u015bmy wiele udanych projekt\u00f3w biznesowych i operacyjnych. Wsp\u00f3\u0142pracujemy z szerokim gronem specjalist\u00f3w, w tym ekspertami z zakresu marketingu, jako\u015bci, szkole\u0144 biznesowych, prawa, spedycji, magazynowania i logistyki, co pozwala nam kompleksowo realizowa\u0107 nawet najbardziej wymagaj\u0105ce projekty.<\/p>\n<\/div><\/div>\n<\/div>\n\n\n\n<p><\/p>\n","protected":false},"excerpt":{"rendered":"","protected":false},"author":1,"featured_media":0,"parent":0,"menu_order":0,"comment_status":"closed","ping_status":"open","template":"","meta":{"site-sidebar-layout":"default","site-content-layout":"","ast-site-content-layout":"default","site-content-style":"default","site-sidebar-style":"default","ast-global-header-display":"","ast-banner-title-visibility":"","ast-main-header-display":"","ast-hfb-above-header-display":"","ast-hfb-below-header-display":"","ast-hfb-mobile-header-display":"","site-post-title":"disabled","ast-breadcrumbs-content":"","ast-featured-img":"","footer-sml-layout":"","ast-disable-related-posts":"","theme-transparent-header-meta":"","adv-header-id-meta":"","stick-header-meta":"","header-above-stick-meta":"","header-main-stick-meta":"","header-below-stick-meta":"","astra-migrate-meta-layouts":"default","ast-page-background-enabled":"default","ast-page-background-meta":{"desktop":{"background-color":"var(--ast-global-color-5)","background-image":"","background-repeat":"repeat","background-position":"center center","background-size":"auto","background-attachment":"scroll","background-type":"","background-media":"","overlay-type":"","overlay-color":"","overlay-opacity":"","overlay-gradient":""},"tablet":{"background-color":"","background-image":"","background-repeat":"repeat","background-position":"center center","background-size":"auto","background-attachment":"scroll","background-type":"","background-media":"","overlay-type":"","overlay-color":"","overlay-opacity":"","overlay-gradient":""},"mobile":{"background-color":"","background-image":"","background-repeat":"repeat","background-position":"center center","background-size":"auto","background-attachment":"scroll","background-type":"","background-media":"","overlay-type":"","overlay-color":"","overlay-opacity":"","overlay-gradient":""}},"ast-content-background-meta":{"desktop":{"background-color":"var(--ast-global-color-4)","background-image":"","background-repeat":"repeat","background-position":"center center","background-size":"auto","background-attachment":"scroll","background-type":"","background-media":"","overlay-type":"","overlay-color":"","overlay-opacity":"","overlay-gradient":""},"tablet":{"background-color":"var(--ast-global-color-4)","background-image":"","background-repeat":"repeat","background-position":"center center","background-size":"auto","background-attachment":"scroll","background-type":"","background-media":"","overlay-type":"","overlay-color":"","overlay-opacity":"","overlay-gradient":""},"mobile":{"background-color":"var(--ast-global-color-4)","background-image":"","background-repeat":"repeat","background-position":"center center","background-size":"auto","background-attachment":"scroll","background-type":"","background-media":"","overlay-type":"","overlay-color":"","overlay-opacity":"","overlay-gradient":""}},"footnotes":""},"class_list":["post-2","page","type-page","status-publish","hentry"],"_links":{"self":[{"href":"https:\/\/axiok.pl\/index.php\/wp-json\/wp\/v2\/pages\/2","targetHints":{"allow":["GET"]}}],"collection":[{"href":"https:\/\/axiok.pl\/index.php\/wp-json\/wp\/v2\/pages"}],"about":[{"href":"https:\/\/axiok.pl\/index.php\/wp-json\/wp\/v2\/types\/page"}],"author":[{"embeddable":true,"href":"https:\/\/axiok.pl\/index.php\/wp-json\/wp\/v2\/users\/1"}],"replies":[{"embeddable":true,"href":"https:\/\/axiok.pl\/index.php\/wp-json\/wp\/v2\/comments?post=2"}],"version-history":[{"count":10,"href":"https:\/\/axiok.pl\/index.php\/wp-json\/wp\/v2\/pages\/2\/revisions"}],"predecessor-version":[{"id":41,"href":"https:\/\/axiok.pl\/index.php\/wp-json\/wp\/v2\/pages\/2\/revisions\/41"}],"wp:attachment":[{"href":"https:\/\/axiok.pl\/index.php\/wp-json\/wp\/v2\/media?parent=2"}],"curies":[{"name":"wp","href":"https:\/\/api.w.org\/{rel}","templated":true}]}}